{"id":1129,"date":"2023-09-19T12:48:56","date_gmt":"2023-09-19T12:48:56","guid":{"rendered":"https:\/\/meilleur-gravel-bike.fr\/?page_id=1129"},"modified":"2023-10-03T20:22:32","modified_gmt":"2023-10-03T20:22:32","slug":"a-propos-de-nous","status":"publish","type":"page","link":"https:\/\/meilleur-gravel-bike.fr\/it\/chi-siamo\/","title":{"rendered":"A proposito di Julien l&#039;autore del blog"},"content":{"rendered":"<p>Mi chiamo Julien e lo sono <strong>appassionato di ciclismo<\/strong> fin dalla mia prima infanzia. Penso di aver provato quasi tutte le discipline che ruotano attorno al ciclismo. Anche prima dell&#039;adolescenza, era il <strong>BMX<\/strong> che mi interessava. Andavo ogni volta che potevo su una pista Bi-Cross a pochi minuti da casa. Poi mi sono unito al mio <strong>primo club<\/strong> dove ho praticato <strong>andare in mountain bike <\/strong>con gli adulti.<\/p>\n\n\n\n<p>All&#039;inizio \u00e8 stata molto dura, non avevo proprio il livello. Poi, dopo qualche settimana, furono loro a non riuscire a starmi dietro. Cos\u00ec i miei genitori hanno deciso di iscrivermi ad un vero club <strong>Vaulx in pergamena vicino a Lione<\/strong>. \u00c8 qui che ho scoperto il <strong>bici da strada<\/strong> ma anche il <strong>ciclocross<\/strong> e la traccia su a <strong>Velodromo<\/strong> ! Come puoi vedere in queste vecchie foto di me in diverse competizioni.<\/p>\n\n\n\n<figure class=\"gb-block-image gb-block-image-fbedd843\"><img loading=\"lazy\" decoding=\"async\" width=\"1440\" height=\"810\" class=\"gb-image gb-image-fbedd843\" src=\"https:\/\/meilleur-gravel-bike.fr\/wp-content\/uploads\/2023\/09\/photo-velo-de-julien-lauteur-du-blog.jpg\" alt=\"foto in bici di Julien l&#039;autore del blog\" title=\"foto-velo-di-julien-l-autore-del-blog\" srcset=\"https:\/\/meilleur-gravel-bike.fr\/wp-content\/uploads\/2023\/09\/photo-velo-de-julien-lauteur-du-blog.jpg 1440w, https:\/\/meilleur-gravel-bike.fr\/wp-content\/uploads\/2023\/09\/photo-velo-de-julien-lauteur-du-blog-300x169.jpg 300w, https:\/\/meilleur-gravel-bike.fr\/wp-content\/uploads\/2023\/09\/photo-velo-de-julien-lauteur-du-blog-1024x576.jpg 1024w, https:\/\/meilleur-gravel-bike.fr\/wp-content\/uploads\/2023\/09\/photo-velo-de-julien-lauteur-du-blog-768x432.jpg 768w\" sizes=\"auto, (max-width: 1440px) 100vw, 1440px\" \/><\/figure>\n\n\n\n<p>E poi, pi\u00f9 recentemente, sto ancora praticando <strong>andare in mountain bike<\/strong> oggi ho scoperto una disciplina vicina al ciclocross. <strong>Ghiaia!!<\/strong> E ne sono sicuro <strong>la rete<\/strong> oggi, mi sono detta, perch\u00e9 non creare un blog per vedere dove mi porta! Quindi, questa \u00e8 la storia e il motivo per cui sei su <strong>questo blog <\/strong>oggi \ud83d\ude05<\/p>\n\n\n\n<p><strong>Julien P<\/strong><\/p>","protected":false},"excerpt":{"rendered":"<p>Je m\u2019appelle Julien et je suis passionn\u00e9 de v\u00e9lo depuis ma plus tendre enfance. Je crois avoir essay\u00e9 toutes les presque toutes les disciplines qui gravitent autour du v\u00e9lo. Avant m\u00eame l\u2019adolescence, c\u2019\u00e9tait la BMX qui m\u2019int\u00e9ressait. j\u2019allais d\u00e8s que je pouvais sur une piste de Bi-Cross \u00e0 quelques minutes de chez moi. Ensuite j\u2019ai &#8230; <a title=\"A proposito di Julien l&#039;autore del blog\" class=\"read-more\" href=\"https:\/\/meilleur-gravel-bike.fr\/it\/chi-siamo\/\" aria-label=\"Per saperne di pi\u00f9 su A propos de Julien l\u2019auteur\u00a0du Blog\">Leggi tutto<\/a><\/p>","protected":false},"author":1,"featured_media":0,"parent":0,"menu_order":0,"comment_status":"closed","ping_status":"closed","template":"","meta":{"footnotes":""},"class_list":{"0":"post-1129","1":"page","2":"type-page","3":"status-publish","5":"no-featured-image-padding"},"yoast_head":"<!-- This site is optimized with the Yoast SEO plugin v27.5 - https:\/\/yoast.com\/product\/yoast-seo-wordpress\/ -->\n<title>A propos de Julien l\u2019auteur\u00a0du Blog<\/title>\n<meta name=\"description\" content=\"Voici une courte pr\u00e9sentation de Julien, L&#039;auteur de ce blog. Passionn\u00e9 de Gravel, VTT, mais aussi de cyclo-cross et de v\u00e9lo de route !\" \/>\n<meta name=\"robots\" content=\"index, follow, max-snippet:-1, max-image-preview:large, max-video-preview:-1\" \/>\n<link rel=\"canonical\" href=\"https:\/\/meilleur-gravel-bike.fr\/it\/chi-siamo\/\" \/>\n<meta property=\"og:locale\" content=\"it_IT\" \/>\n<meta property=\"og:type\" content=\"article\" \/>\n<meta property=\"og:title\" content=\"A propos de Julien l\u2019auteur\u00a0du Blog\" \/>\n<meta property=\"og:description\" content=\"Voici une courte pr\u00e9sentation de Julien, L&#039;auteur de ce blog. Passionn\u00e9 de Gravel, VTT, mais aussi de cyclo-cross et de v\u00e9lo de route !\" \/>\n<meta property=\"og:url\" content=\"https:\/\/meilleur-gravel-bike.fr\/it\/chi-siamo\/\" \/>\n<meta property=\"og:site_name\" content=\"Mister Bike\" \/>\n<meta property=\"article:modified_time\" content=\"2023-10-03T20:22:32+00:00\" \/>\n<meta property=\"og:image\" content=\"https:\/\/meilleur-gravel-bike.fr\/wp-content\/uploads\/2023\/09\/photo-velo-de-julien-lauteur-du-blog.jpg\" \/>\n<meta name=\"twitter:card\" content=\"summary_large_image\" \/>\n<meta name=\"twitter:label1\" content=\"Tempo di lettura stimato\" \/>\n\t<meta name=\"twitter:data1\" content=\"1 minuto\" \/>\n<script type=\"application\/ld+json\" class=\"yoast-schema-graph\">{\"@context\":\"https:\\\/\\\/schema.org\",\"@graph\":[{\"@type\":\"WebPage\",\"@id\":\"https:\\\/\\\/meilleur-gravel-bike.fr\\\/a-propos-de-nous\\\/\",\"url\":\"https:\\\/\\\/meilleur-gravel-bike.fr\\\/a-propos-de-nous\\\/\",\"name\":\"A propos de Julien l\u2019auteur\u00a0du Blog\",\"isPartOf\":{\"@id\":\"https:\\\/\\\/meilleur-gravel-bike.fr\\\/#website\"},\"primaryImageOfPage\":{\"@id\":\"https:\\\/\\\/meilleur-gravel-bike.fr\\\/a-propos-de-nous\\\/#primaryimage\"},\"image\":{\"@id\":\"https:\\\/\\\/meilleur-gravel-bike.fr\\\/a-propos-de-nous\\\/#primaryimage\"},\"thumbnailUrl\":\"https:\\\/\\\/meilleur-gravel-bike.fr\\\/wp-content\\\/uploads\\\/2023\\\/09\\\/photo-velo-de-julien-lauteur-du-blog.jpg\",\"datePublished\":\"2023-09-19T12:48:56+00:00\",\"dateModified\":\"2023-10-03T20:22:32+00:00\",\"description\":\"Voici une courte pr\u00e9sentation de Julien, L'auteur de ce blog. Passionn\u00e9 de Gravel, VTT, mais aussi de cyclo-cross et de v\u00e9lo de route !\",\"breadcrumb\":{\"@id\":\"https:\\\/\\\/meilleur-gravel-bike.fr\\\/a-propos-de-nous\\\/#breadcrumb\"},\"inLanguage\":\"it-IT\",\"potentialAction\":[{\"@type\":\"ReadAction\",\"target\":[\"https:\\\/\\\/meilleur-gravel-bike.fr\\\/a-propos-de-nous\\\/\"]}]},{\"@type\":\"ImageObject\",\"inLanguage\":\"it-IT\",\"@id\":\"https:\\\/\\\/meilleur-gravel-bike.fr\\\/a-propos-de-nous\\\/#primaryimage\",\"url\":\"https:\\\/\\\/meilleur-gravel-bike.fr\\\/wp-content\\\/uploads\\\/2023\\\/09\\\/photo-velo-de-julien-lauteur-du-blog.jpg\",\"contentUrl\":\"https:\\\/\\\/meilleur-gravel-bike.fr\\\/wp-content\\\/uploads\\\/2023\\\/09\\\/photo-velo-de-julien-lauteur-du-blog.jpg\"},{\"@type\":\"BreadcrumbList\",\"@id\":\"https:\\\/\\\/meilleur-gravel-bike.fr\\\/a-propos-de-nous\\\/#breadcrumb\",\"itemListElement\":[{\"@type\":\"ListItem\",\"position\":1,\"name\":\"Accueil\",\"item\":\"https:\\\/\\\/meilleur-gravel-bike.fr\\\/\"},{\"@type\":\"ListItem\",\"position\":2,\"name\":\"A propos de Julien l\u2019auteur\u00a0du Blog\"}]},{\"@type\":\"WebSite\",\"@id\":\"https:\\\/\\\/meilleur-gravel-bike.fr\\\/#website\",\"url\":\"https:\\\/\\\/meilleur-gravel-bike.fr\\\/\",\"name\":\"Mister Bike\",\"description\":\"Mister Bike - Gravel &amp; VTT - Comparateur de V\u00e9lo Off Road\",\"publisher\":{\"@id\":\"https:\\\/\\\/meilleur-gravel-bike.fr\\\/#organization\"},\"potentialAction\":[{\"@type\":\"SearchAction\",\"target\":{\"@type\":\"EntryPoint\",\"urlTemplate\":\"https:\\\/\\\/meilleur-gravel-bike.fr\\\/?s={search_term_string}\"},\"query-input\":{\"@type\":\"PropertyValueSpecification\",\"valueRequired\":true,\"valueName\":\"search_term_string\"}}],\"inLanguage\":\"it-IT\"},{\"@type\":\"Organization\",\"@id\":\"https:\\\/\\\/meilleur-gravel-bike.fr\\\/#organization\",\"name\":\"Mister Bike\",\"url\":\"https:\\\/\\\/meilleur-gravel-bike.fr\\\/\",\"logo\":{\"@type\":\"ImageObject\",\"inLanguage\":\"it-IT\",\"@id\":\"https:\\\/\\\/meilleur-gravel-bike.fr\\\/#\\\/schema\\\/logo\\\/image\\\/\",\"url\":\"https:\\\/\\\/meilleur-gravel-bike.fr\\\/wp-content\\\/uploads\\\/2024\\\/02\\\/cropped-logo-1.png\",\"contentUrl\":\"https:\\\/\\\/meilleur-gravel-bike.fr\\\/wp-content\\\/uploads\\\/2024\\\/02\\\/cropped-logo-1.png\",\"width\":375,\"height\":273,\"caption\":\"Mister Bike\"},\"image\":{\"@id\":\"https:\\\/\\\/meilleur-gravel-bike.fr\\\/#\\\/schema\\\/logo\\\/image\\\/\"}}]}<\/script>\n<!-- \/ Yoast SEO plugin. -->","yoast_head_json":{"title":"A proposito di Julien l&#039;autore del blog","description":"Ecco una breve presentazione di Julien, l&#039;autore di questo blog. Appassionato di gravel, mountain bike, ma anche di ciclocross e bici da strada!","robots":{"index":"index","follow":"follow","max-snippet":"max-snippet:-1","max-image-preview":"max-image-preview:large","max-video-preview":"max-video-preview:-1"},"canonical":"https:\/\/meilleur-gravel-bike.fr\/it\/chi-siamo\/","og_locale":"it_IT","og_type":"article","og_title":"A propos de Julien l\u2019auteur\u00a0du Blog","og_description":"Voici une courte pr\u00e9sentation de Julien, L'auteur de ce blog. Passionn\u00e9 de Gravel, VTT, mais aussi de cyclo-cross et de v\u00e9lo de route !","og_url":"https:\/\/meilleur-gravel-bike.fr\/it\/chi-siamo\/","og_site_name":"Mister Bike","article_modified_time":"2023-10-03T20:22:32+00:00","og_image":[{"url":"https:\/\/meilleur-gravel-bike.fr\/wp-content\/uploads\/2023\/09\/photo-velo-de-julien-lauteur-du-blog.jpg","type":"","width":"","height":""}],"twitter_card":"summary_large_image","twitter_misc":{"Tempo di lettura stimato":"1 minuto"},"schema":{"@context":"https:\/\/schema.org","@graph":[{"@type":"WebPage","@id":"https:\/\/meilleur-gravel-bike.fr\/a-propos-de-nous\/","url":"https:\/\/meilleur-gravel-bike.fr\/a-propos-de-nous\/","name":"A proposito di Julien l&#039;autore del blog","isPartOf":{"@id":"https:\/\/meilleur-gravel-bike.fr\/#website"},"primaryImageOfPage":{"@id":"https:\/\/meilleur-gravel-bike.fr\/a-propos-de-nous\/#primaryimage"},"image":{"@id":"https:\/\/meilleur-gravel-bike.fr\/a-propos-de-nous\/#primaryimage"},"thumbnailUrl":"https:\/\/meilleur-gravel-bike.fr\/wp-content\/uploads\/2023\/09\/photo-velo-de-julien-lauteur-du-blog.jpg","datePublished":"2023-09-19T12:48:56+00:00","dateModified":"2023-10-03T20:22:32+00:00","description":"Ecco una breve presentazione di Julien, l&#039;autore di questo blog. Appassionato di gravel, mountain bike, ma anche di ciclocross e bici da strada!","breadcrumb":{"@id":"https:\/\/meilleur-gravel-bike.fr\/a-propos-de-nous\/#breadcrumb"},"inLanguage":"it-IT","potentialAction":[{"@type":"ReadAction","target":["https:\/\/meilleur-gravel-bike.fr\/a-propos-de-nous\/"]}]},{"@type":"ImageObject","inLanguage":"it-IT","@id":"https:\/\/meilleur-gravel-bike.fr\/a-propos-de-nous\/#primaryimage","url":"https:\/\/meilleur-gravel-bike.fr\/wp-content\/uploads\/2023\/09\/photo-velo-de-julien-lauteur-du-blog.jpg","contentUrl":"https:\/\/meilleur-gravel-bike.fr\/wp-content\/uploads\/2023\/09\/photo-velo-de-julien-lauteur-du-blog.jpg"},{"@type":"BreadcrumbList","@id":"https:\/\/meilleur-gravel-bike.fr\/a-propos-de-nous\/#breadcrumb","itemListElement":[{"@type":"ListItem","position":1,"name":"Accueil","item":"https:\/\/meilleur-gravel-bike.fr\/"},{"@type":"ListItem","position":2,"name":"A propos de Julien l\u2019auteur\u00a0du Blog"}]},{"@type":"WebSite","@id":"https:\/\/meilleur-gravel-bike.fr\/#website","url":"https:\/\/meilleur-gravel-bike.fr\/","name":"Mister Bici","description":"Mister Bike - Gravel e MTB - Confronto bici fuoristrada","publisher":{"@id":"https:\/\/meilleur-gravel-bike.fr\/#organization"},"potentialAction":[{"@type":"SearchAction","target":{"@type":"EntryPoint","urlTemplate":"https:\/\/meilleur-gravel-bike.fr\/?s={search_term_string}"},"query-input":{"@type":"PropertyValueSpecification","valueRequired":true,"valueName":"search_term_string"}}],"inLanguage":"it-IT"},{"@type":"Organization","@id":"https:\/\/meilleur-gravel-bike.fr\/#organization","name":"Mister Bici","url":"https:\/\/meilleur-gravel-bike.fr\/","logo":{"@type":"ImageObject","inLanguage":"it-IT","@id":"https:\/\/meilleur-gravel-bike.fr\/#\/schema\/logo\/image\/","url":"https:\/\/meilleur-gravel-bike.fr\/wp-content\/uploads\/2024\/02\/cropped-logo-1.png","contentUrl":"https:\/\/meilleur-gravel-bike.fr\/wp-content\/uploads\/2024\/02\/cropped-logo-1.png","width":375,"height":273,"caption":"Mister Bike"},"image":{"@id":"https:\/\/meilleur-gravel-bike.fr\/#\/schema\/logo\/image\/"}}]}},"_links":{"self":[{"href":"https:\/\/meilleur-gravel-bike.fr\/it\/wp-json\/wp\/v2\/pages\/1129","targetHints":{"allow":["GET"]}}],"collection":[{"href":"https:\/\/meilleur-gravel-bike.fr\/it\/wp-json\/wp\/v2\/pages"}],"about":[{"href":"https:\/\/meilleur-gravel-bike.fr\/it\/wp-json\/wp\/v2\/types\/page"}],"author":[{"embeddable":true,"href":"https:\/\/meilleur-gravel-bike.fr\/it\/wp-json\/wp\/v2\/users\/1"}],"replies":[{"embeddable":true,"href":"https:\/\/meilleur-gravel-bike.fr\/it\/wp-json\/wp\/v2\/comments?post=1129"}],"version-history":[{"count":2,"href":"https:\/\/meilleur-gravel-bike.fr\/it\/wp-json\/wp\/v2\/pages\/1129\/revisions"}],"predecessor-version":[{"id":1132,"href":"https:\/\/meilleur-gravel-bike.fr\/it\/wp-json\/wp\/v2\/pages\/1129\/revisions\/1132"}],"wp:attachment":[{"href":"https:\/\/meilleur-gravel-bike.fr\/it\/wp-json\/wp\/v2\/media?parent=1129"}],"curies":[{"name":"wp","href":"https:\/\/api.w.org\/{rel}","templated":true}]}}