{"id":3,"date":"2022-11-18T13:07:41","date_gmt":"2022-11-18T13:07:41","guid":{"rendered":"https:\/\/meilleur-gravel-bike.fr\/?page_id=3"},"modified":"2023-01-13T16:57:36","modified_gmt":"2023-01-13T16:57:36","slug":"mentions-legales","status":"publish","type":"page","link":"https:\/\/meilleur-gravel-bike.fr\/it\/avviso-legale\/","title":{"rendered":"Avviso legale"},"content":{"rendered":"<div id=\"ez-toc-container\" class=\"ez-toc-v2_0_82_2 counter-hierarchy ez-toc-counter ez-toc-grey ez-toc-container-direction\">\n<div class=\"ez-toc-title-container\">\n<p class=\"ez-toc-title\" style=\"cursor:inherit\">Riepilogo<\/p>\n<span class=\"ez-toc-title-toggle\"><a href=\"#\" class=\"ez-toc-pull-right ez-toc-btn ez-toc-btn-xs ez-toc-btn-default ez-toc-toggle\" aria-label=\"Attiva\/disattiva Sommario\"><span class=\"ez-toc-js-icon-con\"><span class=\"\"><span class=\"eztoc-hide\" style=\"display:none;\">Attiva\/disattiva<\/span><span class=\"ez-toc-icon-toggle-span\"><svg style=\"fill: #999;color:#999\" xmlns=\"http:\/\/www.w3.org\/2000\/svg\" class=\"list-377408\" width=\"20px\" height=\"20px\" viewbox=\"0 0 24 24\" fill=\"none\"><path d=\"M6 6H4v2h2V6zm14 0H8v2h12V6zM4 11h2v2H4v-2zm16 0H8v2h12v-2zM4 16h2v2H4v-2zm16 0H8v2h12v-2z\" fill=\"currentColor\"><\/path><\/svg><svg style=\"fill: #999;color:#999\" class=\"arrow-unsorted-368013\" xmlns=\"http:\/\/www.w3.org\/2000\/svg\" width=\"10px\" height=\"10px\" viewbox=\"0 0 24 24\" version=\"1.2\" baseprofile=\"tiny\"><path d=\"M18.2 9.3l-6.2-6.3-6.2 6.3c-.2.2-.3.4-.3.7s.1.5.3.7c.2.2.4.3.7.3h11c.3 0 .5-.1.7-.3.2-.2.3-.5.3-.7s-.1-.5-.3-.7zM5.8 14.7l6.2 6.3 6.2-6.3c.2-.2.3-.5.3-.7s-.1-.5-.3-.7c-.2-.2-.4-.3-.7-.3h-11c-.3 0-.5.1-.7.3-.2.2-.3.5-.3.7s.1.5.3.7z\"\/><\/svg><\/span><\/span><\/span><\/a><\/span><\/div>\n<nav><ul class='ez-toc-list ez-toc-list-level-1 eztoc-toggle-hide-by-default' ><li class='ez-toc-page-1 ez-toc-heading-level-2'><a class=\"ez-toc-link ez-toc-heading-1\" href=\"https:\/\/meilleur-gravel-bike.fr\/it\/avviso-legale\/#mentions_legales_et_politique_de_confidentialite\" >Note legali e politica sulla privacy:<\/a><\/li><li class='ez-toc-page-1 ez-toc-heading-level-2'><a class=\"ez-toc-link ez-toc-heading-2\" href=\"https:\/\/meilleur-gravel-bike.fr\/it\/avviso-legale\/#droits_dauteurs\" >Diritto d&#039;autore&nbsp;&nbsp;<\/a><\/li><li class='ez-toc-page-1 ez-toc-heading-level-2'><a class=\"ez-toc-link ez-toc-heading-3\" href=\"https:\/\/meilleur-gravel-bike.fr\/it\/avviso-legale\/#edition_du_site\" >Modifica del sito<\/a><\/li><li class='ez-toc-page-1 ez-toc-heading-level-2'><a class=\"ez-toc-link ez-toc-heading-4\" href=\"https:\/\/meilleur-gravel-bike.fr\/it\/avviso-legale\/#responsable_de_publication\" >Responsabile della pubblicazione<\/a><\/li><li class='ez-toc-page-1 ez-toc-heading-level-2'><a class=\"ez-toc-link ez-toc-heading-5\" href=\"https:\/\/meilleur-gravel-bike.fr\/it\/avviso-legale\/#hebergeur\" >Ospite<\/a><\/li><li class='ez-toc-page-1 ez-toc-heading-level-2'><a class=\"ez-toc-link ez-toc-heading-6\" href=\"https:\/\/meilleur-gravel-bike.fr\/it\/avviso-legale\/#utilisation_des_donnees_personnelles_collectees\" >Utilizzo dei dati personali raccolti&nbsp;<\/a><\/li><li class='ez-toc-page-1 ez-toc-heading-level-2'><a class=\"ez-toc-link ez-toc-heading-7\" href=\"https:\/\/meilleur-gravel-bike.fr\/it\/avviso-legale\/#commentaires\" >Commenti<\/a><\/li><li class='ez-toc-page-1 ez-toc-heading-level-2'><a class=\"ez-toc-link ez-toc-heading-8\" href=\"https:\/\/meilleur-gravel-bike.fr\/it\/avviso-legale\/#medias_images_et_videos_du_site\" >Media, immagini e video del sito<\/a><\/li><li class='ez-toc-page-1 ez-toc-heading-level-2'><a class=\"ez-toc-link ez-toc-heading-9\" href=\"https:\/\/meilleur-gravel-bike.fr\/it\/avviso-legale\/#cookies\" >Biscotti<\/a><\/li><li class='ez-toc-page-1 ez-toc-heading-level-2'><a class=\"ez-toc-link ez-toc-heading-10\" href=\"https:\/\/meilleur-gravel-bike.fr\/it\/avviso-legale\/#responsabilites\" >Responsabilit\u00e0<\/a><\/li><li class='ez-toc-page-1 ez-toc-heading-level-2'><a class=\"ez-toc-link ez-toc-heading-11\" href=\"https:\/\/meilleur-gravel-bike.fr\/it\/avviso-legale\/#informations_de_contact\" >Informazioni sui contatti<\/a><\/li><\/ul><\/nav><\/div>\n<h2 class=\"wp-block-heading\"><span class=\"ez-toc-section\" id=\"mentions_legales_et_politique_de_confidentialite\"><\/span>Note legali e politica sulla privacy:<span class=\"ez-toc-section-end\"><\/span><\/h2>\n\n\n\n<h2 class=\"wp-block-heading\"><span class=\"ez-toc-section\" id=\"droits_dauteurs\"><\/span>Diritto d&#039;autore&nbsp;&nbsp;<span class=\"ez-toc-section-end\"><\/span><\/h2>\n\n\n\n<p>Il sito ed i suoi contenuti sono protetti dal diritto d&#039;autore secondo quanto previsto dai libri dal I al III del Codice della propriet\u00e0 intellettuale. Pertanto, qualsiasi riproduzione, rappresentazione, utilizzo, adattamento, modifica, incorporazione, traduzione, commercializzazione, parziale o totale, degli elementi contenuti in questo sito \u00e8 vietata, senza la previa autorizzazione scritta degli autori, sotto pena di costituire reato di contraffazione del diritto d&#039;autore.<\/p>\n\n\n\n<h2 class=\"wp-block-heading\"><span class=\"ez-toc-section\" id=\"edition_du_site\"><\/span>Modifica del sito<span class=\"ez-toc-section-end\"><\/span><\/h2>\n\n\n\n<p>Il sito https:\/\/meilleur-gravel-bike.fr\/ \u00e8 pubblicato dalla societ\u00e0 Meilleur-gravel-bike.fr<\/p>\n\n\n\n<h2 class=\"wp-block-heading\"><span class=\"ez-toc-section\" id=\"responsable_de_publication\"><\/span>Responsabile della pubblicazione<span class=\"ez-toc-section-end\"><\/span><\/h2>\n\n\n\n<p>best-gravel-bike.fr<\/p>\n\n\n\n<h2 class=\"wp-block-heading\"><span class=\"ez-toc-section\" id=\"hebergeur\"><\/span>Ospite<span class=\"ez-toc-section-end\"><\/span><\/h2>\n\n\n\n<p>Il sito https:\/\/meilleur-gravel-bike.fr\/ \u00e8 ospitato dalla societ\u00e0 O2switch SARL<\/p>\n\n\n\n<p>Il nome di dominio \u00e8 ospitato da O2switch SARL<\/p>\n\n\n\n<p>Indirizzo: 222 Boulevard Gustave Flaubert, 63000 Clermont-Ferrand<\/p>\n\n\n\n<p>Numero Siret: 510 909 807 00024<\/p>\n\n\n\n<p>O2 switch \u00e8 una SARL con un capitale di 100.000 \u20ac<\/p>\n\n\n\n<p>La societ\u00e0 O2switch \u00e8 una societ\u00e0 del gruppo Zohey SAS con capitale di 8.000.000 di euro<\/p>\n\n\n\n<h2 class=\"wp-block-heading\"><span class=\"ez-toc-section\" id=\"utilisation_des_donnees_personnelles_collectees\"><\/span>Utilizzo dei dati personali raccolti&nbsp;<span class=\"ez-toc-section-end\"><\/span><\/h2>\n\n\n\n<p>In generale non sei obbligato a fornirci i tuoi dati personali quando visiti il nostro sito web. Tuttavia, questo principio presenta alcune eccezioni. Infatti, per alcuni servizi offerti dal nostro sito, ti potrebbe essere richiesto di comunicarci alcuni dati come: il tuo nome, la tua posizione, il nome della tua azienda, il tuo indirizzo email e il tuo numero di telefono. Questo \u00e8 il caso quando compili il modulo che ti viene offerto online, nella sezione \u201ccontatti\u201d. In ogni caso puoi rifiutarti di fornire i tuoi dati personali. In questo caso non potrai usufruire dei servizi del sito, in particolare quello di richiedere informazioni sulla nostra azienda o ricevere newsletter.<\/p>\n\n\n\n<p>Infine, questo sito pu\u00f2 raccogliere automaticamente alcune informazioni su di te durante la semplice navigazione su questo sito web, in particolare informazioni riguardanti il tuo utilizzo, come le aree che visiti e i servizi a cui accedi, il tuo indirizzo IP, il tipo di browser, il tuo accesso volte. Tali informazioni vengono utilizzate esclusivamente per fini statistici interni, al fine di migliorare la qualit\u00e0 dei servizi offerti. Le banche dati sono protette dalle disposizioni della legge del 1 luglio 1998 che recepisce la direttiva 96\/9 dell&#039;11 marzo 1996 relativa alla protezione giuridica delle banche dati.<\/p>\n\n\n\n<h2 class=\"wp-block-heading\"><span class=\"ez-toc-section\" id=\"commentaires\"><\/span>Commenti<span class=\"ez-toc-section-end\"><\/span><\/h2>\n\n\n\n<p>Quando lasci un commento sul nostro sito web, i dati inseriti nel modulo dei commenti, ma anche il tuo indirizzo IP e lo user agent del tuo browser vengono raccolti per aiutarci a rilevare commenti indesiderati.<\/p>\n\n\n\n<p>Una stringa anonima creata dal tuo indirizzo email (chiamata anche hash) pu\u00f2 essere inviata al servizio Gravatar per verificare se lo stai utilizzando. Le clausole di riservatezza del servizio Gravatar sono disponibili qui:&nbsp;<\/p>\n\n\n\n<p>Dopo la convalida del tuo commento, la foto del tuo profilo sar\u00e0 visibile pubblicamente accanto al tuo commento.<\/p>\n\n\n\n<p>Se lasci un commento sul nostro sito, potresti salvare il tuo nome, indirizzo email e sito web nei cookie. Questo \u00e8 solo per la tua comodit\u00e0 in modo che tu non debba inserire queste informazioni se lasci un altro commento in seguito. Questi cookie scadono dopo un anno.<\/p>\n\n\n\n<p>Se lasci un commento, il commento e i relativi metadati vengono conservati a tempo indeterminato. Ci\u00f2 consente ai commenti successivi di essere riconosciuti e approvati automaticamente invece di lasciarli nella coda di moderazione.<\/p>\n\n\n\n<p>Gli articoli su questo sito possono includere contenuti incorporati (ad esempio video, immagini, articoli, ecc.). Il contenuto incorporato da altri siti si comporta come se il visitatore si recasse su quell&#039;altro sito. Questi siti Web potrebbero raccogliere dati su di te, utilizzare cookie, incorporare strumenti di tracciamento di terze parti, tracciare le tue interazioni con questo contenuto incorporato se disponi di un account collegato al loro sito Web.<\/p>\n\n\n\n<h2 class=\"wp-block-heading\"><span class=\"ez-toc-section\" id=\"medias_images_et_videos_du_site\"><\/span>Media, immagini e video del sito<span class=\"ez-toc-section-end\"><\/span><\/h2>\n\n\n\n<p>Le immagini e i video utilizzati e pubblicati su Meilleur-Gravel-Bike.fr provengono da Internet. Cerchiamo il pi\u00f9 possibile di utilizzare immagini esenti da royalty tramite https:\/\/pixabay.com\/fr\/, ad esempio.&nbsp;<\/p>\n\n\n\n<p>Se, tuttavia, sul nostro sito \u00e8 stata utilizzata un&#039;immagine o un video i cui diritti non sono liberi, elimineremo immediatamente gli elementi dopo averci contattato tramite contact@meilleur-gravel-bike.fr<\/p>\n\n\n\n<h2 class=\"wp-block-heading\"><span class=\"ez-toc-section\" id=\"cookies\"><\/span>Biscotti<span class=\"ez-toc-section-end\"><\/span><\/h2>\n\n\n\n<p>Cos&#039;\u00e8 un cookie&quot;?<\/p>\n\n\n\n<p>Un \u201cCookie\u201d o tracciante \u00e8 un file elettronico depositato su un terminale (computer, tablet, smartphone, ecc.) e letto ad esempio quando si consulta un sito web, si legge un&#039;e-mail, si installa o si utilizza un software o un&#039;applicazione mobile, indipendentemente la tipologia di terminale utilizzato (fonte: https:\/\/www.cnil.fr\/fr\/cookies-traceurs-que-dit-la-law).<\/p>\n\n\n\n<p>Navigando su questo sito, potrebbero essere inseriti sul vostro terminale dei \u201ccookie\u201d della societ\u00e0 responsabile del sito in questione e\/o di societ\u00e0 terze.<\/p>\n\n\n\n<p>Quando navighi per la prima volta su questo sito, appare un banner esplicativo sull&#039;uso dei \u201ccookie\u201d. Da quel momento in poi, proseguendo la navigazione, si riterr\u00e0 che il cliente e\/o potenziale cliente sia stato informato e abbia accettato l&#039;utilizzo di detti \u201ccookie\u201d. L&#039;utente ha la possibilit\u00e0 di disattivare i cookie dalle impostazioni del proprio browser.<\/p>\n\n\n\n<p>Tutte le informazioni raccolte verranno utilizzate solo per tracciare il volume, il tipo e il modello di traffico che utilizza questo sito, per svilupparne il design e il layout e per altri scopi amministrativi e di pianificazione e in generale per migliorare il servizio che ti offriamo.<\/p>\n\n\n\n<p>I &quot;cookie&quot; vengono utilizzati anche da alcuni servizi indipendenti di Meilleur-Gravel-Bike.fr per ricordare la tua identificazione sui siti social o per fornire pubblicit\u00e0 mirata.<\/p>\n\n\n\n<ul class=\"wp-block-list\">\n<li>Google Analytics utilizza i cookie per compilare statistiche:&nbsp;<a href=\"http:\/\/tools.google.com\/dlpage\/gaoptout\">maggiori informazioni<\/a><\/li>\n\n\n\n<li>Google :&nbsp;<a href=\"https:\/\/policies.google.com\/\">Norme sulla privacy e condizioni d&#039;uso<\/a><\/li>\n<\/ul>\n\n\n\n<p>Epic-guitare-electrique.com ti offre anche l&#039;accesso a vari social network come Facebook, Twitter o Pinterest, nonch\u00e9 collegamenti ai nostri diversi partner commerciali. Anche questi servizi utilizzano i cookie. Condividiamo quindi le informazioni sull&#039;utilizzo del nostro sito con questi partner, che potrebbero combinarle con altre informazioni che hai fornito loro o che hanno raccolto durante l&#039;utilizzo dei loro servizi.<\/p>\n\n\n\n<ul class=\"wp-block-list\">\n<li>Facebook utilizza i cookie:&nbsp;<a href=\"https:\/\/www.facebook.com\/help\/365596123604315\">maggiori informazioni<\/a><\/li>\n\n\n\n<li>Twitter utilizza i cookie:&nbsp;<a href=\"https:\/\/support.twitter.com\/articles\/20171379\">maggiori informazioni<\/a><\/li>\n\n\n\n<li>Pinterest utilizza i cookie:&nbsp;<a href=\"https:\/\/policy.pinterest.com\/fr\/cookies\">maggiori informazioni<\/a><\/li>\n\n\n\n<li>Reddit utilizza i cookie:&nbsp;<a href=\"https:\/\/www.reddit.com\/wiki\/privacypolicy\">maggiori informazioni<\/a><\/li>\n\n\n\n<li>LinkedIn utilizza i cookie:&nbsp;<a href=\"https:\/\/www.linkedin.com\/legal\/cookie-policy?_l=fr_FR\">maggiori informazioni<\/a><\/li>\n\n\n\n<li>Amazon utilizza i cookie:&nbsp;<a href=\"https:\/\/www.amazon.fr\/gp\/help\/customer\/display.html?nodeId=548608\">maggiori informazioni<\/a><\/li>\n\n\n\n<li>TradeTracker utilizza i cookie:&nbsp;<a href=\"https:\/\/tradetracker.com\/fr\/cookie-policy\/\">maggiori informazioni<\/a><\/li>\n<\/ul>\n\n\n\n<h2 class=\"wp-block-heading\"><span class=\"ez-toc-section\" id=\"responsabilites\"><\/span>Responsabilit\u00e0<span class=\"ez-toc-section-end\"><\/span><\/h2>\n\n\n\n<p>L&#039;editore non pu\u00f2 essere ritenuto responsabile in caso di guasto, guasto, difficolt\u00e0 o interruzione del funzionamento, impedendo l&#039;accesso al sito o ad una delle sue funzionalit\u00e0.<\/p>\n\n\n\n<p>Il materiale di connessione al sito che utilizzi \u00e8 di tua esclusiva responsabilit\u00e0. Dovete adottare tutte le misure adeguate per proteggere le vostre apparecchiature e i vostri dati, in particolare dagli attacchi virali via Internet. Inoltre, sei l&#039;unico responsabile dei siti e dei dati che consulti.<\/p>\n\n\n\n<p>L&#039;editore non potr\u00e0 essere ritenuto responsabile in caso di azioni legali contro di te:<\/p>\n\n\n\n<p>\u2013 a causa dell&#039;utilizzo del sito o di qualsiasi servizio accessibile tramite Internet;<\/p>\n\n\n\n<p>\u2013 a causa del tuo mancato rispetto delle presenti condizioni generali.<\/p>\n\n\n\n<p>L&#039;editore non \u00e8 responsabile dei danni causati a te, a terzi e\/o alle tue apparecchiature in conseguenza della tua connessione o utilizzo del sito e tu rinunci a qualsiasi azione contro di esso di conseguenza.<\/p>\n\n\n\n<p>Se l&#039;editore dovesse essere oggetto di un procedimento amichevole o legale a causa del vostro utilizzo del sito, potr\u00e0 rivoltarsi contro di voi per ottenere il risarcimento di tutti i danni, somme, condanne e costi che potrebbero derivare da tale procedimento.<\/p>\n\n\n\n<h2 class=\"wp-block-heading\"><span class=\"ez-toc-section\" id=\"informations_de_contact\"><\/span>Informazioni sui contatti<span class=\"ez-toc-section-end\"><\/span><\/h2>\n\n\n\n<p>Per qualsiasi domanda, informazione sui prodotti presentati sul sito, o riguardante il sito stesso, potete lasciare un messaggio al seguente indirizzo: contact@meilleur-gravel-bike.fr<\/p>","protected":false},"excerpt":{"rendered":"<p>Mentions l\u00e9gales et politique de confidentialit\u00e9 : Droits d\u2019auteurs&nbsp;&nbsp; Le site et ses contenus sont prot\u00e9g\u00e9s au titre du droit d\u2019auteur conform\u00e9ment aux dispositions des livres I \u00e0 III du Code de la Propri\u00e9t\u00e9 Intellectuelle. A ce titre, toute reproduction, repr\u00e9sentation, utilisation, adaptation, modification, incorporation, traduction, commercialisation, partielle ou int\u00e9grale des \u00e9l\u00e9ments contenus dans ce &#8230; <a title=\"Avviso legale\" class=\"read-more\" href=\"https:\/\/meilleur-gravel-bike.fr\/it\/avviso-legale\/\" aria-label=\"Per saperne di pi\u00f9 su Mentions l\u00e9gales\">Leggi tutto<\/a><\/p>","protected":false},"author":1,"featured_media":0,"parent":0,"menu_order":0,"comment_status":"closed","ping_status":"closed","template":"","meta":{"footnotes":""},"class_list":{"0":"post-3","1":"page","2":"type-page","3":"status-publish","5":"no-featured-image-padding"},"yoast_head":"<!-- This site is optimized with the Yoast SEO plugin v27.5 - https:\/\/yoast.com\/product\/yoast-seo-wordpress\/ -->\n<title>Mentions l\u00e9gales<\/title>\n<meta name=\"robots\" content=\"noindex, nofollow\" \/>\n<meta property=\"og:locale\" content=\"it_IT\" \/>\n<meta property=\"og:type\" content=\"article\" \/>\n<meta property=\"og:title\" content=\"Mentions l\u00e9gales\" \/>\n<meta property=\"og:description\" content=\"Mentions l\u00e9gales et politique de confidentialit\u00e9 : Droits d\u2019auteurs&nbsp;&nbsp; Le site et ses contenus sont prot\u00e9g\u00e9s au titre du droit d\u2019auteur conform\u00e9ment aux dispositions des livres I \u00e0 III du Code de la Propri\u00e9t\u00e9 Intellectuelle. A ce titre, toute reproduction, repr\u00e9sentation, utilisation, adaptation, modification, incorporation, traduction, commercialisation, partielle ou int\u00e9grale des \u00e9l\u00e9ments contenus dans ce ... Leggi tutto\" \/>\n<meta property=\"og:url\" content=\"https:\/\/meilleur-gravel-bike.fr\/it\/avviso-legale\/\" \/>\n<meta property=\"og:site_name\" content=\"Mister Bike\" \/>\n<meta property=\"article:modified_time\" content=\"2023-01-13T16:57:36+00:00\" \/>\n<meta name=\"twitter:card\" content=\"summary_large_image\" \/>\n<meta name=\"twitter:label1\" content=\"Tempo di lettura stimato\" \/>\n\t<meta name=\"twitter:data1\" content=\"7 minuti\" \/>\n<script type=\"application\/ld+json\" class=\"yoast-schema-graph\">{\"@context\":\"https:\\\/\\\/schema.org\",\"@graph\":[{\"@type\":\"WebPage\",\"@id\":\"https:\\\/\\\/meilleur-gravel-bike.fr\\\/mentions-legales\\\/\",\"url\":\"https:\\\/\\\/meilleur-gravel-bike.fr\\\/mentions-legales\\\/\",\"name\":\"Mentions l\u00e9gales\",\"isPartOf\":{\"@id\":\"https:\\\/\\\/meilleur-gravel-bike.fr\\\/#website\"},\"datePublished\":\"2022-11-18T13:07:41+00:00\",\"dateModified\":\"2023-01-13T16:57:36+00:00\",\"breadcrumb\":{\"@id\":\"https:\\\/\\\/meilleur-gravel-bike.fr\\\/mentions-legales\\\/#breadcrumb\"},\"inLanguage\":\"it-IT\",\"potentialAction\":[{\"@type\":\"ReadAction\",\"target\":[\"https:\\\/\\\/meilleur-gravel-bike.fr\\\/mentions-legales\\\/\"]}]},{\"@type\":\"BreadcrumbList\",\"@id\":\"https:\\\/\\\/meilleur-gravel-bike.fr\\\/mentions-legales\\\/#breadcrumb\",\"itemListElement\":[{\"@type\":\"ListItem\",\"position\":1,\"name\":\"Accueil\",\"item\":\"https:\\\/\\\/meilleur-gravel-bike.fr\\\/\"},{\"@type\":\"ListItem\",\"position\":2,\"name\":\"Mentions l\u00e9gales\"}]},{\"@type\":\"WebSite\",\"@id\":\"https:\\\/\\\/meilleur-gravel-bike.fr\\\/#website\",\"url\":\"https:\\\/\\\/meilleur-gravel-bike.fr\\\/\",\"name\":\"Mister Bike\",\"description\":\"Mister Bike - Gravel &amp; VTT - Comparateur de V\u00e9lo Off Road\",\"publisher\":{\"@id\":\"https:\\\/\\\/meilleur-gravel-bike.fr\\\/#organization\"},\"potentialAction\":[{\"@type\":\"SearchAction\",\"target\":{\"@type\":\"EntryPoint\",\"urlTemplate\":\"https:\\\/\\\/meilleur-gravel-bike.fr\\\/?s={search_term_string}\"},\"query-input\":{\"@type\":\"PropertyValueSpecification\",\"valueRequired\":true,\"valueName\":\"search_term_string\"}}],\"inLanguage\":\"it-IT\"},{\"@type\":\"Organization\",\"@id\":\"https:\\\/\\\/meilleur-gravel-bike.fr\\\/#organization\",\"name\":\"Mister Bike\",\"url\":\"https:\\\/\\\/meilleur-gravel-bike.fr\\\/\",\"logo\":{\"@type\":\"ImageObject\",\"inLanguage\":\"it-IT\",\"@id\":\"https:\\\/\\\/meilleur-gravel-bike.fr\\\/#\\\/schema\\\/logo\\\/image\\\/\",\"url\":\"https:\\\/\\\/meilleur-gravel-bike.fr\\\/wp-content\\\/uploads\\\/2024\\\/02\\\/cropped-logo-1.png\",\"contentUrl\":\"https:\\\/\\\/meilleur-gravel-bike.fr\\\/wp-content\\\/uploads\\\/2024\\\/02\\\/cropped-logo-1.png\",\"width\":375,\"height\":273,\"caption\":\"Mister Bike\"},\"image\":{\"@id\":\"https:\\\/\\\/meilleur-gravel-bike.fr\\\/#\\\/schema\\\/logo\\\/image\\\/\"}}]}<\/script>\n<!-- \/ Yoast SEO plugin. -->","yoast_head_json":{"title":"Avviso legale","robots":{"index":"noindex","follow":"nofollow"},"og_locale":"it_IT","og_type":"article","og_title":"Mentions l\u00e9gales","og_description":"Mentions l\u00e9gales et politique de confidentialit\u00e9 : Droits d\u2019auteurs&nbsp;&nbsp; Le site et ses contenus sont prot\u00e9g\u00e9s au titre du droit d\u2019auteur conform\u00e9ment aux dispositions des livres I \u00e0 III du Code de la Propri\u00e9t\u00e9 Intellectuelle. A ce titre, toute reproduction, repr\u00e9sentation, utilisation, adaptation, modification, incorporation, traduction, commercialisation, partielle ou int\u00e9grale des \u00e9l\u00e9ments contenus dans ce ... Leggi tutto","og_url":"https:\/\/meilleur-gravel-bike.fr\/it\/avviso-legale\/","og_site_name":"Mister Bike","article_modified_time":"2023-01-13T16:57:36+00:00","twitter_card":"summary_large_image","twitter_misc":{"Tempo di lettura stimato":"7 minuti"},"schema":{"@context":"https:\/\/schema.org","@graph":[{"@type":"WebPage","@id":"https:\/\/meilleur-gravel-bike.fr\/mentions-legales\/","url":"https:\/\/meilleur-gravel-bike.fr\/mentions-legales\/","name":"Avviso legale","isPartOf":{"@id":"https:\/\/meilleur-gravel-bike.fr\/#website"},"datePublished":"2022-11-18T13:07:41+00:00","dateModified":"2023-01-13T16:57:36+00:00","breadcrumb":{"@id":"https:\/\/meilleur-gravel-bike.fr\/mentions-legales\/#breadcrumb"},"inLanguage":"it-IT","potentialAction":[{"@type":"ReadAction","target":["https:\/\/meilleur-gravel-bike.fr\/mentions-legales\/"]}]},{"@type":"BreadcrumbList","@id":"https:\/\/meilleur-gravel-bike.fr\/mentions-legales\/#breadcrumb","itemListElement":[{"@type":"ListItem","position":1,"name":"Accueil","item":"https:\/\/meilleur-gravel-bike.fr\/"},{"@type":"ListItem","position":2,"name":"Mentions l\u00e9gales"}]},{"@type":"WebSite","@id":"https:\/\/meilleur-gravel-bike.fr\/#website","url":"https:\/\/meilleur-gravel-bike.fr\/","name":"Mister Bici","description":"Mister Bike - Gravel e MTB - Confronto bici fuoristrada","publisher":{"@id":"https:\/\/meilleur-gravel-bike.fr\/#organization"},"potentialAction":[{"@type":"SearchAction","target":{"@type":"EntryPoint","urlTemplate":"https:\/\/meilleur-gravel-bike.fr\/?s={search_term_string}"},"query-input":{"@type":"PropertyValueSpecification","valueRequired":true,"valueName":"search_term_string"}}],"inLanguage":"it-IT"},{"@type":"Organization","@id":"https:\/\/meilleur-gravel-bike.fr\/#organization","name":"Mister Bici","url":"https:\/\/meilleur-gravel-bike.fr\/","logo":{"@type":"ImageObject","inLanguage":"it-IT","@id":"https:\/\/meilleur-gravel-bike.fr\/#\/schema\/logo\/image\/","url":"https:\/\/meilleur-gravel-bike.fr\/wp-content\/uploads\/2024\/02\/cropped-logo-1.png","contentUrl":"https:\/\/meilleur-gravel-bike.fr\/wp-content\/uploads\/2024\/02\/cropped-logo-1.png","width":375,"height":273,"caption":"Mister Bike"},"image":{"@id":"https:\/\/meilleur-gravel-bike.fr\/#\/schema\/logo\/image\/"}}]}},"_links":{"self":[{"href":"https:\/\/meilleur-gravel-bike.fr\/it\/wp-json\/wp\/v2\/pages\/3","targetHints":{"allow":["GET"]}}],"collection":[{"href":"https:\/\/meilleur-gravel-bike.fr\/it\/wp-json\/wp\/v2\/pages"}],"about":[{"href":"https:\/\/meilleur-gravel-bike.fr\/it\/wp-json\/wp\/v2\/types\/page"}],"author":[{"embeddable":true,"href":"https:\/\/meilleur-gravel-bike.fr\/it\/wp-json\/wp\/v2\/users\/1"}],"replies":[{"embeddable":true,"href":"https:\/\/meilleur-gravel-bike.fr\/it\/wp-json\/wp\/v2\/comments?post=3"}],"version-history":[{"count":7,"href":"https:\/\/meilleur-gravel-bike.fr\/it\/wp-json\/wp\/v2\/pages\/3\/revisions"}],"predecessor-version":[{"id":103,"href":"https:\/\/meilleur-gravel-bike.fr\/it\/wp-json\/wp\/v2\/pages\/3\/revisions\/103"}],"wp:attachment":[{"href":"https:\/\/meilleur-gravel-bike.fr\/it\/wp-json\/wp\/v2\/media?parent=3"}],"curies":[{"name":"wp","href":"https:\/\/api.w.org\/{rel}","templated":true}]}}